{"id":18880,"date":"2024-09-02T21:07:02","date_gmt":"2024-09-02T19:07:02","guid":{"rendered":"https:\/\/ready-os.com\/?page_id=18880"},"modified":"2024-09-04T10:45:53","modified_gmt":"2024-09-04T08:45:53","slug":"symfonia-edokumenty","status":"publish","type":"page","link":"https:\/\/ready-os.com\/pl\/","title":{"rendered":"Symfonia eDokumenty"},"content":{"rendered":"<div class=\"wp-block-image is-style-default\">\n<figure class=\"aligncenter size-medium is-resized\"><img loading=\"lazy\" decoding=\"async\" width=\"300\" height=\"114\" src=\"https:\/\/ready-os.com\/wp-content\/uploads\/2024\/09\/Symfonia-eDokumenty@2x-300x114.png\" alt=\"\" class=\"wp-image-18881\" style=\"width:300px;height:auto;box-shadow:none\" srcset=\"https:\/\/ready-os.com\/wp-content\/uploads\/2024\/09\/Symfonia-eDokumenty@2x-300x114.png 300w, https:\/\/ready-os.com\/wp-content\/uploads\/2024\/09\/Symfonia-eDokumenty@2x-768x292.png 768w, https:\/\/ready-os.com\/wp-content\/uploads\/2024\/09\/Symfonia-eDokumenty@2x-360x137.png 360w, https:\/\/ready-os.com\/wp-content\/uploads\/2024\/09\/Symfonia-eDokumenty@2x.png 877w\" sizes=\"(max-width: 300px) 100vw, 300px\" \/><\/figure><\/div>\n\n\n<p> <\/p>\n\n\n\n<p> <\/p>\n\n\n\n<p class=\"has-text-align-center\">Dzie\u0144 dobry, tu Symfonia!<\/p>\n\n\n\n<p class=\"has-text-align-center\">Od 2 wrze\u015bnia nast\u0105pi\u0142a zmiana nazwy z Ready_<em>TM&nbsp;<\/em>na Symfonia eDokumenty, <br>natomiast wszystkie funkcjonalno\u015bci, kt\u00f3re znasz i cenisz &#8211; pozostaj\u0105 bez zmian.<\/p>\n\n\n\n<p class=\"has-text-align-center\">Je\u015bli chcesz si\u0119 zalogowa\u0107 do swojego systemu, kliknij w przycisk:<\/p>\n\n\n\n<div style=\"text-align: center; margin: auto;\">\n<a class=\"btn btn-primary btn-sm d-block w-100\" href=\"https:\/\/cloud.ready-os.com\/apps\/edokumenty\/engine\/cloud\/Welcome\">\n             ZALOGUJ\n          <\/a>\n<\/div>\n\n\n\n<p><\/p>\n\n\n\n<p class=\"has-text-align-center\">Wraz z wprowadzeniem nowej nazwy zmienia si\u0119 r\u00f3wnie\u017c adres strony, <br>na kt\u00f3rej znajdziesz dokumentacj\u0119 produktu: <a href=\"https:\/\/symfonia.pl\/edokumenty\/docs\/\">Symfonia eDokumenty<\/a><\/p>\n\n\n\n<p class=\"has-text-align-center\">Je\u015bli chcesz dopiero rozpocz\u0105\u0107 prac\u0119 z programem, <br>kliknij przycisk poni\u017cej i uzyskaj wi\u0119cej informacji.<\/p>\n\n\n\n<div style=\"text-align: center;\">\n    <a class=\"btn btn-primary btn-sm d-block w-100\" href=\"https:\/\/symfonia.pl\/edokumenty\">\n        WI\u0118CEJ INFORMACJI\n    <\/a>\n<\/div>\n","protected":false},"excerpt":{"rendered":"<p>Dzie\u0144 dobry, tu Symfonia! Od 2 wrze\u015bnia nast\u0105pi\u0142a zmiana nazwy z Ready_TM&nbsp;na Symfonia eDokumenty, natomiast wszystkie funkcjonalno\u015bci, kt\u00f3re znasz i cenisz &#8211; pozostaj\u0105 bez zmian. Je\u015bli chcesz si\u0119 zalogowa\u0107 do swojego systemu, kliknij w przycisk: ZALOGUJ Wraz z wprowadzeniem nowej nazwy zmienia si\u0119 r\u00f3wnie\u017c adres strony, na kt\u00f3rej znajdziesz dokumentacj\u0119 produktu: Symfonia eDokumenty Je\u015bli chcesz [&hellip;]<\/p>\n","protected":false},"author":41,"featured_media":0,"parent":0,"menu_order":0,"comment_status":"closed","ping_status":"closed","template":"","meta":{"footnotes":""},"yoast_head":"<!-- This site is optimized with the Yoast SEO Premium plugin v23.1 (Yoast SEO v23.1) - https:\/\/yoast.com\/wordpress\/plugins\/seo\/ -->\n<title>Symfonia eDokumenty &#8211; Ready_\u2122<\/title>\n<meta name=\"robots\" content=\"index, follow, max-snippet:-1, max-image-preview:large, max-video-preview:-1\" \/>\n<link rel=\"canonical\" href=\"https:\/\/ready-os.com\/pl\/\" \/>\n<meta property=\"og:locale\" content=\"pl_PL\" \/>\n<meta property=\"og:type\" content=\"article\" \/>\n<meta property=\"og:title\" content=\"Symfonia eDokumenty\" \/>\n<meta property=\"og:description\" content=\"Dzie\u0144 dobry, tu Symfonia! Od 2 wrze\u015bnia nast\u0105pi\u0142a zmiana nazwy z Ready_TM&nbsp;na Symfonia eDokumenty, natomiast wszystkie funkcjonalno\u015bci, kt\u00f3re znasz i\" \/>\n<meta property=\"og:url\" content=\"https:\/\/ready-os.com\/pl\/\" \/>\n<meta property=\"og:site_name\" content=\"Ready_\u2122\" \/>\n<meta property=\"article:publisher\" content=\"https:\/\/www.facebook.com\/readyoscom\" \/>\n<meta property=\"article:modified_time\" content=\"2024-09-04T08:45:53+00:00\" \/>\n<meta property=\"og:image\" content=\"https:\/\/ready-os.com\/wp-content\/uploads\/2024\/09\/Symfonia-eDokumenty@2x-300x114.png\" \/>\n<meta name=\"twitter:card\" content=\"summary_large_image\" \/>\n<script type=\"application\/ld+json\" class=\"yoast-schema-graph\">{\"@context\":\"https:\/\/schema.org\",\"@graph\":[{\"@type\":\"WebPage\",\"@id\":\"https:\/\/ready-os.com\/pl\/\",\"url\":\"https:\/\/ready-os.com\/pl\/\",\"name\":\"Symfonia eDokumenty &#8211; Ready_\u2122\",\"isPartOf\":{\"@id\":\"https:\/\/ready-os.com\/pl\/#website\"},\"primaryImageOfPage\":{\"@id\":\"https:\/\/ready-os.com\/pl\/#primaryimage\"},\"image\":{\"@id\":\"https:\/\/ready-os.com\/pl\/#primaryimage\"},\"thumbnailUrl\":\"https:\/\/ready-os.com\/wp-content\/uploads\/2024\/09\/Symfonia-eDokumenty@2x-300x114.png\",\"datePublished\":\"2024-09-02T19:07:02+00:00\",\"dateModified\":\"2024-09-04T08:45:53+00:00\",\"breadcrumb\":{\"@id\":\"https:\/\/ready-os.com\/pl\/#breadcrumb\"},\"inLanguage\":\"pl-PL\",\"potentialAction\":[{\"@type\":\"ReadAction\",\"target\":[\"https:\/\/ready-os.com\/pl\/\"]}]},{\"@type\":\"ImageObject\",\"inLanguage\":\"pl-PL\",\"@id\":\"https:\/\/ready-os.com\/pl\/#primaryimage\",\"url\":\"https:\/\/ready-os.com\/wp-content\/uploads\/2024\/09\/Symfonia-eDokumenty@2x-300x114.png\",\"contentUrl\":\"https:\/\/ready-os.com\/wp-content\/uploads\/2024\/09\/Symfonia-eDokumenty@2x-300x114.png\"},{\"@type\":\"BreadcrumbList\",\"@id\":\"https:\/\/ready-os.com\/pl\/#breadcrumb\",\"itemListElement\":[{\"@type\":\"ListItem\",\"position\":1,\"name\":\"Strona g\u0142\u00f3wna\",\"item\":\"https:\/\/ready-os.com\/pl\/\"},{\"@type\":\"ListItem\",\"position\":2,\"name\":\"Symfonia eDokumenty\"}]},{\"@type\":\"WebSite\",\"@id\":\"https:\/\/ready-os.com\/pl\/#website\",\"url\":\"https:\/\/ready-os.com\/pl\/\",\"name\":\"Ready_\u2122\",\"description\":\"Biznesowy System Operacyjny\",\"publisher\":{\"@id\":\"https:\/\/ready-os.com\/pl\/#organization\"},\"potentialAction\":[{\"@type\":\"SearchAction\",\"target\":{\"@type\":\"EntryPoint\",\"urlTemplate\":\"https:\/\/ready-os.com\/pl\/?s={search_term_string}\"},\"query-input\":\"required name=search_term_string\"}],\"inLanguage\":\"pl-PL\"},{\"@type\":\"Organization\",\"@id\":\"https:\/\/ready-os.com\/pl\/#organization\",\"name\":\"Ready_\u2122\",\"url\":\"https:\/\/ready-os.com\/pl\/\",\"logo\":{\"@type\":\"ImageObject\",\"inLanguage\":\"pl-PL\",\"@id\":\"https:\/\/ready-os.com\/pl\/#\/schema\/logo\/image\/\",\"url\":\"https:\/\/www2.ready-os.com\/wp-content\/uploads\/2019\/11\/Ready_FB-0.png\",\"contentUrl\":\"https:\/\/www2.ready-os.com\/wp-content\/uploads\/2019\/11\/Ready_FB-0.png\",\"width\":180,\"height\":180,\"caption\":\"Ready_\u2122\"},\"image\":{\"@id\":\"https:\/\/ready-os.com\/pl\/#\/schema\/logo\/image\/\"},\"sameAs\":[\"https:\/\/www.facebook.com\/readyoscom\"]}]}<\/script>\n<!-- \/ Yoast SEO Premium plugin. -->","yoast_head_json":{"title":"Symfonia eDokumenty &#8211; Ready_\u2122","robots":{"index":"index","follow":"follow","max-snippet":"max-snippet:-1","max-image-preview":"max-image-preview:large","max-video-preview":"max-video-preview:-1"},"canonical":"https:\/\/ready-os.com\/pl\/","og_locale":"pl_PL","og_type":"article","og_title":"Symfonia eDokumenty","og_description":"Dzie\u0144 dobry, tu Symfonia! Od 2 wrze\u015bnia nast\u0105pi\u0142a zmiana nazwy z Ready_TM&nbsp;na Symfonia eDokumenty, natomiast wszystkie funkcjonalno\u015bci, kt\u00f3re znasz i","og_url":"https:\/\/ready-os.com\/pl\/","og_site_name":"Ready_\u2122","article_publisher":"https:\/\/www.facebook.com\/readyoscom","article_modified_time":"2024-09-04T08:45:53+00:00","og_image":[{"url":"https:\/\/ready-os.com\/wp-content\/uploads\/2024\/09\/Symfonia-eDokumenty@2x-300x114.png"}],"twitter_card":"summary_large_image","schema":{"@context":"https:\/\/schema.org","@graph":[{"@type":"WebPage","@id":"https:\/\/ready-os.com\/pl\/","url":"https:\/\/ready-os.com\/pl\/","name":"Symfonia eDokumenty &#8211; Ready_\u2122","isPartOf":{"@id":"https:\/\/ready-os.com\/pl\/#website"},"primaryImageOfPage":{"@id":"https:\/\/ready-os.com\/pl\/#primaryimage"},"image":{"@id":"https:\/\/ready-os.com\/pl\/#primaryimage"},"thumbnailUrl":"https:\/\/ready-os.com\/wp-content\/uploads\/2024\/09\/Symfonia-eDokumenty@2x-300x114.png","datePublished":"2024-09-02T19:07:02+00:00","dateModified":"2024-09-04T08:45:53+00:00","breadcrumb":{"@id":"https:\/\/ready-os.com\/pl\/#breadcrumb"},"inLanguage":"pl-PL","potentialAction":[{"@type":"ReadAction","target":["https:\/\/ready-os.com\/pl\/"]}]},{"@type":"ImageObject","inLanguage":"pl-PL","@id":"https:\/\/ready-os.com\/pl\/#primaryimage","url":"https:\/\/ready-os.com\/wp-content\/uploads\/2024\/09\/Symfonia-eDokumenty@2x-300x114.png","contentUrl":"https:\/\/ready-os.com\/wp-content\/uploads\/2024\/09\/Symfonia-eDokumenty@2x-300x114.png"},{"@type":"BreadcrumbList","@id":"https:\/\/ready-os.com\/pl\/#breadcrumb","itemListElement":[{"@type":"ListItem","position":1,"name":"Strona g\u0142\u00f3wna","item":"https:\/\/ready-os.com\/pl\/"},{"@type":"ListItem","position":2,"name":"Symfonia eDokumenty"}]},{"@type":"WebSite","@id":"https:\/\/ready-os.com\/pl\/#website","url":"https:\/\/ready-os.com\/pl\/","name":"Ready_\u2122","description":"Biznesowy System Operacyjny","publisher":{"@id":"https:\/\/ready-os.com\/pl\/#organization"},"potentialAction":[{"@type":"SearchAction","target":{"@type":"EntryPoint","urlTemplate":"https:\/\/ready-os.com\/pl\/?s={search_term_string}"},"query-input":"required name=search_term_string"}],"inLanguage":"pl-PL"},{"@type":"Organization","@id":"https:\/\/ready-os.com\/pl\/#organization","name":"Ready_\u2122","url":"https:\/\/ready-os.com\/pl\/","logo":{"@type":"ImageObject","inLanguage":"pl-PL","@id":"https:\/\/ready-os.com\/pl\/#\/schema\/logo\/image\/","url":"https:\/\/www2.ready-os.com\/wp-content\/uploads\/2019\/11\/Ready_FB-0.png","contentUrl":"https:\/\/www2.ready-os.com\/wp-content\/uploads\/2019\/11\/Ready_FB-0.png","width":180,"height":180,"caption":"Ready_\u2122"},"image":{"@id":"https:\/\/ready-os.com\/pl\/#\/schema\/logo\/image\/"},"sameAs":["https:\/\/www.facebook.com\/readyoscom"]}]}},"_links":{"self":[{"href":"https:\/\/ready-os.com\/pl\/wp-json\/wp\/v2\/pages\/18880"}],"collection":[{"href":"https:\/\/ready-os.com\/pl\/wp-json\/wp\/v2\/pages"}],"about":[{"href":"https:\/\/ready-os.com\/pl\/wp-json\/wp\/v2\/types\/page"}],"author":[{"embeddable":true,"href":"https:\/\/ready-os.com\/pl\/wp-json\/wp\/v2\/users\/41"}],"replies":[{"embeddable":true,"href":"https:\/\/ready-os.com\/pl\/wp-json\/wp\/v2\/comments?post=18880"}],"version-history":[{"count":15,"href":"https:\/\/ready-os.com\/pl\/wp-json\/wp\/v2\/pages\/18880\/revisions"}],"predecessor-version":[{"id":18900,"href":"https:\/\/ready-os.com\/pl\/wp-json\/wp\/v2\/pages\/18880\/revisions\/18900"}],"wp:attachment":[{"href":"https:\/\/ready-os.com\/pl\/wp-json\/wp\/v2\/media?parent=18880"}],"curies":[{"name":"wp","href":"https:\/\/api.w.org\/{rel}","templated":true}]}}